{"id":50193,"date":"2025-12-04T13:57:32","date_gmt":"2025-12-04T12:57:32","guid":{"rendered":"https:\/\/coachingpop.com\/mangaschool\/?page_id=50193"},"modified":"2025-12-04T13:57:38","modified_gmt":"2025-12-04T12:57:38","slug":"condiciones-de-venta","status":"publish","type":"page","link":"https:\/\/coachingpop.com\/mangaschool\/condiciones-de-venta\/","title":{"rendered":"Condiciones de Venta"},"content":{"rendered":"\n<p><strong>T\u00e9rminos y condiciones de venta ONLINE<\/strong><\/p>\n\n\n\n<p>Las presentes condiciones generales de venta se aplican estrictamente a todas las ventas de productos y servicios efectuadas por la tienda online de&nbsp; CoachingPOP. Todo pedido hecho a la tienda online COACHINGPOP AGENCY implica necesariamente a t\u00edtulo de condici\u00f3n esencial,<br>determinante e imprescindible, la aceptaci\u00f3n sin reservas por el Cliente de las Condiciones Generales de Venta de la tienda online COACHINGPOP AGENCY vigentes el d\u00eda en que se lleve a cabo el pedido correspondiente.<\/p>\n\n\n\n<p>Adem\u00e1s, el Cliente reconoce que la aceptaci\u00f3n de las presentes condiciones implicar\u00e1 la aplicaci\u00f3n de \u00e9stas al pedido al que se refieren, as\u00ed como a todo pedido posterior, con excepci\u00f3n de aquellos casos en que nuevas condiciones sean puestas en su conocimiento por la tienda online COACHINGPOP AGENCY.<\/p>\n\n\n\n<p>El hecho que la tienda online COACHINGPOP AGENCY no recurra en un momento dado a cualquiera de las presentes condiciones no puede ser interpretado ni equivaldr\u00e1 a renunciar a recurrir a ellas en el futuro o en el pasado.<\/p>\n\n\n\n<p>La interpretaci\u00f3n y la ejecuci\u00f3n de las condiciones, as\u00ed como todos los actos que sean consecuencia de ellas, quedar\u00e1n sometidos al derecho espa\u00f1ol, salvo que existan disposiciones de orden p\u00fablico contrarias a ello.<\/p>\n\n\n\n<p><strong>CANCELACI\u00d3N DE PRODUCTOS<\/strong><br>La cancelaci\u00f3n de una compra ser\u00e1 gratuita si se hace 5 d\u00edas antes de la fecha de env\u00edo del producto. Si se cancela un producto despu\u00e9s de ser enviado, no se proceder\u00e1 ni a la cancelaci\u00f3n ni a su reembolso.<\/p>\n\n\n\n<p><strong>DEVOLUCI\u00d3N Y REEMBOLSO<\/strong><br>El cliente tiene derecho a devolver cualquier producto en cualquiera de los siguientes&nbsp;casos:<\/p>\n\n\n\n<ul class=\"wp-block-list\">\n<li>Mercanc\u00eda equivocada o duplicada (si no coincide con la\u00a0informaci\u00f3n que aparece en la confirmaci\u00f3n del pedido online).<\/li>\n\n\n\n<li>Mercanc\u00eda en mal estado (siempre que no se pueda demostrar que la causa ha sido la manipulaci\u00f3n err\u00f3nea por\u00a0parte del servicio de transportes o del cliente final).<\/li>\n<\/ul>\n\n\n\n<p>En estos casos, Mangaline Espa\u00f1a devolver\u00e1 el dinero de la compra a trav\u00e9s de un abono en la tarjeta de cr\u00e9dito o mediante una transferencia bancaria a la cuenta indicada por el cliente.<\/p>\n\n\n\n<p>Para cualquier posible incidencia o reclamaci\u00f3n, le recomendamos que se ponga en contacto con nosotros a la direcci\u00f3n de correo electr\u00f3nico:&nbsp;info@coachingpop.com.<\/p>\n\n\n\n<p><strong>IDENTIDADES DE LAS PARTES<\/strong><\/p>\n\n\n\n<p>Por una parte, COACHINGPOP AGENCY , como titular de la web http:\/\/catalogo.coachingpop.com y http:\/\/coachingpop.com con CIF B06892657 como<br>proveedor de los servicios y productos contratados por el consumidor y\/o usuario, con domicilio social en la CALLE ASTRONOMIA 1, t5, 10-3, 41015 Sevilla, Espa\u00f1a. Email de contacto info@coachingpop.com<\/p>\n\n\n\n<p>Por otra parte, el usuario, registrado en el sitio web y cuyo prop\u00f3sito es ser consumidor y\/o usuario de la misma y\/o contratar los productos o servicios de COACHINGPOP AGENCY. El consumidor y\/o usuario tiene responsabilidad por los datos que proporcione a COACHINGPOP AGENCY Y por tanto responde de la veracidad de los datos que proporcione en la presente web.<\/p>\n\n\n\n<p><strong>PRECIOS<\/strong><\/p>\n\n\n\n<p>Los precios publicados en la tienda online COACHINGPOP AGENCY son en Euros. Todos los precios llevan el IMPUESTO CORRESPONDIENTE incluido aplicable en el d\u00eda del pedido, cualquier cambio de tasa del impuesto ser\u00e1 aplicado autom\u00e1ticamente a los precios de los productos en venta en la tienda online COACHINGPOP AGENCY. Para pedidos de fuera de Espa\u00f1a con convenio, se aplicar\u00e1 como operaci\u00f3n exenta de impuestos por aplicaci\u00f3n del ART\u00cdCULO 21.1 DE LA LEY DEL IVA.<\/p>\n\n\n\n<p>Las ofertas sobre productos en venta en la tienda online COACHINGPOP AGENCY se mostrar\u00e1n en el apartado \u201cOfertas\u201d o se indicar\u00e1 en la ficha del producto y, si no se indica lo contrario, ser\u00e1n v\u00e1lidas mientras se muestren en pantalla.<\/p>\n\n\n\n<p>Los bonos de descuento tendr\u00e1n una vigencia y condiciones especiales para su utilizaci\u00f3n.<\/p>\n\n\n\n<p>Consulte las especificaciones de cada vale antes de utilizarlo.<\/p>\n\n\n\n<p><strong>OBJETO DEL CONTRATO (DESCRIPCI\u00d3N DE LOS PRODUCTOS Y SERVICIOS)<\/strong><\/p>\n\n\n\n<p>El objeto del presente contrato es regular la relaci\u00f3n existente entre COACHINGPOP AGENCY y el consumidor y\/o usuario en el momento en que \u00e9ste otorga su consentimiento durante el proceso de contrataci\u00f3n al aceptar la casilla correspondiente. (Casilla que, previo a su aceptaci\u00f3n, informar\u00e1 acerca de las presentes condiciones generales, aviso legal y pol\u00edtica de privacidad de la presente web).<\/p>\n\n\n\n<p>La relaci\u00f3n contractual de compraventa conllevar\u00e1 la entrega a cambio de un precio determinado en la web de un producto.<\/p>\n\n\n\n<p><strong>FORMAS DE PAGO<\/strong><\/p>\n\n\n\n<p>Al formular el pedido, el cliente puede elegir libremente pagar las compras que realice en la tienda online COACHINGPOP AGENCY mediante:<\/p>\n\n\n\n<p>PayPal: Para que el consumidor y\/o usuario pueda abonar sus compras por medio de este sistema debe de disponer de una cuenta PayPal. Para m\u00e1s&nbsp; informaci\u00f3n www.paypal.es<\/p>\n\n\n\n<p>Mediante tarjeta de cr\u00e9dito o d\u00e9bito a trav\u00e9s del TPV virtual. A trav\u00e9s de este medio de pago, el comprador tendr\u00e1 que facilitar su n\u00famero de tarjeta, la fecha de caducidad y su n\u00famero CVV. En este caso, sus datos ser\u00e1n cifrados y enviados bajo servidor seguro al TPV virtual del banco. Este procedimiento no facilita el n\u00famero de tarjeta al COACHINGPOP AGENCY.<\/p>\n\n\n\n<p>Bizum: Para que el consumidor y\/o usuario pueda abonar sus compras por medio de este sistema debe de disponer de una cuenta Bizum asociado a un tel\u00e9fono m\u00f3vil. Consultar en su banco.<\/p>\n\n\n\n<p>Transferencia bancaria: El comprador para efectuar el pago mediante esta modalidad ha de hacer una transferencia bancaria (determinando en el concepto la referencia del pedido) en un plazo m\u00e1ximo de 3 d\u00edas h\u00e1biles desde la realizaci\u00f3n del pedido. La empresa se reserva el derecho de cancelar el pedido en caso de no haber recibido confirmaci\u00f3n de la transferencia transcurrido dicho plazo. La cuenta bancaria se mostrar\u00e1 al cliente en el momento en que este<br>elija esta modalidad de pago.<\/p>\n\n\n\n<p><strong>PRODUCTO Y SERVICIO<\/strong><\/p>\n\n\n\n<p>Las ofertas presentadas por la tienda online COACHINGPOP AGENCY son v\u00e1lidas dentro del l\u00edmite de las existencias disponibles y de las fechas establecidas para dicha oferta. La tienda online COACHINGPOP AGENCY se reserva el derecho de modificar el surtido de productos en funci\u00f3n de las dificultades impuestas por sus proveedores.<\/p>\n\n\n\n<p>En el caso de que el producto seleccionado no est\u00e9 disponible como stock o disponible, en la p\u00e1gina del producto el usuario podr\u00e1 facilitar su email con el objeto de que la entidad se ponga en contacto con el usuario una vez est\u00e9 disponible el producto mediante correo electr\u00f3nico.<\/p>\n\n\n\n<p><strong>REGISTRO DE USUARIOS<\/strong><\/p>\n\n\n\n<p>Para navegar por la tienda y agregar productos al carrito no es necesario estar registrado. Sin embargo, para realizar la compra s\u00ed ser\u00e1 necesario que se registre como usuario. Le solicitaremos sus datos personales para generar su ficha de cliente, dichos datos quedar\u00e1n protegidos en virtud de lo dispuesto en la Ley 15\/1999, de 13 de diciembre, de Protecci\u00f3n de Datos de Car\u00e1cter Personal.<\/p>\n\n\n\n<p>Con su cuenta de usuario podr\u00e1 realizar compras y beneficiarse de los descuentos, promociones y regalos que ofrecemos a nuestros clientes.<\/p>\n\n\n\n<p>En su cuenta podr\u00e1 consultar el historial y detalles de sus pedidos, sus direcciones de env\u00edo, sus medios de pago, sus vales de descuento, etc.<\/p>\n\n\n\n<p><strong>PROCESO DE COMPRA<\/strong><\/p>\n\n\n\n<p>Para comprar en la tienda online COACHINGPOP AGENCY ser\u00e1 necesario ser usuario registrado y mayor de 18 a\u00f1os.<\/p>\n\n\n\n<p>Agregue todos los productos que desee en su carrito, posteriormente para realizar la compra haga clic en \u201cConfirmar\u201d. Le solicitaremos la direcci\u00f3n de env\u00edo y la direcci\u00f3n de cliente (puede usar la misma direcci\u00f3n para ambas cosas).<\/p>\n\n\n\n<p>Posteriormente se le solicitar\u00e1 elegir el tipo de env\u00edo, dichas tarifas se calculan de acuerdo con la direcci\u00f3n de entrega proporcionada, con el peso total del paquete y la duraci\u00f3n del env\u00edo (urgente u ordinario).<\/p>\n\n\n\n<p>Por \u00faltimo deber\u00e1 elegir la forma de pago, ya sea mediante transferencia bancaria, bizum, PayPal o con tarjetas de debito o cr\u00e9dito.<\/p>\n\n\n\n<p><strong>GARANT\u00cdAS<\/strong><\/p>\n\n\n\n<p>La reparaci\u00f3n y la sustituci\u00f3n ser\u00e1n gratuitas para el usuario. Dicha gratuidad comprender\u00e1 los gastos necesarios realizados para subsanar la falta de conformidad de los productos con el contrato, especialmente los gastos de env\u00edo, as\u00ed como los costes relacionados con la mano de obra y los materiales.<\/p>\n\n\n\n<p>Es obligaci\u00f3n del cliente hacer llegar la mercanc\u00eda defectuosa por sus medios para poder&nbsp; tramitar la garant\u00eda, una vez recepcionada y aprobada la garantia, COACHINGPOP AGENCY proceder\u00e1 a reemplazar el producto envi\u00e1ndolo al cliente a portes pagados, sin que al cliente le cueste ning\u00fan gasto adicional.<br>El vendedor responde de las faltas de conformidad que se manifiesten en un plazo de dos a\u00f1os desde la entrega. El consumidor y usuario deber\u00e1 informar al vendedor de la falta de conformidad en el plazo de dos meses desde que tuvo conocimiento de ella.<\/p>\n\n\n\n<p><strong>PRIVACIDAD<\/strong><\/p>\n\n\n\n<p>Este sitio web garantiza que la informaci\u00f3n personal que usted env\u00eda cuenta con la seguridad necesaria. Los datos ingresados por usuario o en el caso de requerir una validaci\u00f3n de los pedidos no ser\u00e1n entregados a terceros, salvo que deba ser revelada en cumplimiento a una orden judicial o requerimientos legales.<\/p>\n\n\n\n<p>La suscripci\u00f3n a boletines de correos electr\u00f3nicos publicitarios es voluntaria y podr\u00eda ser seleccionada al momento de crear su cuenta.<\/p>\n\n\n\n<p>EL COACHINGPOP AGENCY se reserva el derecho de cambiar o modificar estos t\u00e9rminos sin previo aviso.<\/p>\n\n\n\n<p><strong>CONTACTO<\/strong><\/p>\n\n\n\n<p>En cualquier momento que usted lo desee puede ponerse en contacto con nosotros para solicitar mayor informaci\u00f3n o resolver sus dudas.<\/p>\n\n\n\n<p>Las partes se someten, a su elecci\u00f3n, para la resoluci\u00f3n de los conflictos y con renuncia a cualquier otro fuero, a los juzgados y tribunales de Sevilla, Espa\u00f1a.<\/p>\n","protected":false},"excerpt":{"rendered":"<p>T\u00e9rminos y condiciones de venta ONLINE Las presentes condiciones generales de venta se aplican estrictamente a todas las ventas de productos y servicios efectuadas por la tienda online de&nbsp; CoachingPOP. Todo pedido hecho a la tienda online COACHINGPOP AGENCY implica necesariamente a t\u00edtulo de condici\u00f3n esencial,determinante e imprescindible, la aceptaci\u00f3n sin reservas por el Cliente [&hellip;]<\/p>\n","protected":false},"author":1,"featured_media":0,"parent":0,"menu_order":0,"comment_status":"closed","ping_status":"closed","template":"","meta":{"footnotes":""},"class_list":["post-50193","page","type-page","status-publish","hentry"],"_links":{"self":[{"href":"https:\/\/coachingpop.com\/mangaschool\/wp-json\/wp\/v2\/pages\/50193","targetHints":{"allow":["GET"]}}],"collection":[{"href":"https:\/\/coachingpop.com\/mangaschool\/wp-json\/wp\/v2\/pages"}],"about":[{"href":"https:\/\/coachingpop.com\/mangaschool\/wp-json\/wp\/v2\/types\/page"}],"author":[{"embeddable":true,"href":"https:\/\/coachingpop.com\/mangaschool\/wp-json\/wp\/v2\/users\/1"}],"replies":[{"embeddable":true,"href":"https:\/\/coachingpop.com\/mangaschool\/wp-json\/wp\/v2\/comments?post=50193"}],"version-history":[{"count":1,"href":"https:\/\/coachingpop.com\/mangaschool\/wp-json\/wp\/v2\/pages\/50193\/revisions"}],"predecessor-version":[{"id":50194,"href":"https:\/\/coachingpop.com\/mangaschool\/wp-json\/wp\/v2\/pages\/50193\/revisions\/50194"}],"wp:attachment":[{"href":"https:\/\/coachingpop.com\/mangaschool\/wp-json\/wp\/v2\/media?parent=50193"}],"curies":[{"name":"wp","href":"https:\/\/api.w.org\/{rel}","templated":true}]}}